{"id":224,"date":"2026-02-18T17:57:11","date_gmt":"2026-02-18T23:57:11","guid":{"rendered":"https:\/\/capi-sa.com\/?page_id=224"},"modified":"2026-03-07T16:24:43","modified_gmt":"2026-03-07T22:24:43","slug":"servicios","status":"publish","type":"page","link":"https:\/\/capi-sa.com\/index.php\/servicios\/","title":{"rendered":"Servicios"},"content":{"rendered":"\n<h1>\n\t\tServicios especializados para la continuidad de su operaci\u00f3n\n\t<\/h1>\n\t<p>Equipos certificados y listos: la garant\u00eda de que su seguridad nunca se detenga.<\/p>\n\t\t\t<a href=\"https:\/\/capi-sa.com\/index.php\/contacto\/\" target=\"_self\">\n\t\t\t\t\t\t\tCont\u00e1ctenos\n\t\t\t<\/a>\n<h3>\n\t\tAseguramos la integridad de sus equipos y sistemas mediante procesos rigurosos de inspecci\u00f3n y mantenimiento\n\t<\/h3>\n<h2>\n\t\tNuestros servicios:\n\t<\/h2>\n\t<p><strong>Cumplimiento normativo y seguridad de carga<\/strong><\/p>\n\t<p><strong>Para el trabajo seguro en alturas<\/strong><\/p>\n\t<p><strong>Sistemas de combate de incendios siempre operativos<\/strong><\/p>\n\n","protected":false},"excerpt":{"rendered":"<div class=\"entry-summary\">\n<div class=\"entry-summary\">\nServicios especializados para la continuidad de su operaci\u00f3n Equipos certificados y listos: la garant\u00eda de que su seguridad nunca se detenga. Cont\u00e1ctenos Aseguramos la integridad de sus equipos y sistemas mediante procesos rigurosos de inspecci\u00f3n y mantenimiento Nuestros servicios: Cumplimiento&hellip;\n<\/div>\n<div class=\"link-more-container\"><a href=\"https:\/\/capi-sa.com\/index.php\/servicios\/\" class=\"link-more\" aria-label=\"Continue reading Servicios\">Continue reading&hellip;<\/a><\/div>\n<\/div>\n<div class=\"link-more-container\"><a href=\"https:\/\/capi-sa.com\/index.php\/servicios\/\" class=\"link-more\" aria-label=\"Continue reading Servicios\">Continue reading&hellip;<\/a><\/div>\n","protected":false},"author":1,"featured_media":0,"parent":0,"menu_order":0,"comment_status":"closed","ping_status":"closed","template":"","meta":{"footnotes":""},"class_list":["post-224","page","type-page","status-publish","hentry","entry","entry-type-page"],"aioseo_notices":[],"_links":{"self":[{"href":"https:\/\/capi-sa.com\/index.php\/wp-json\/wp\/v2\/pages\/224","targetHints":{"allow":["GET"]}}],"collection":[{"href":"https:\/\/capi-sa.com\/index.php\/wp-json\/wp\/v2\/pages"}],"about":[{"href":"https:\/\/capi-sa.com\/index.php\/wp-json\/wp\/v2\/types\/page"}],"author":[{"embeddable":true,"href":"https:\/\/capi-sa.com\/index.php\/wp-json\/wp\/v2\/users\/1"}],"replies":[{"embeddable":true,"href":"https:\/\/capi-sa.com\/index.php\/wp-json\/wp\/v2\/comments?post=224"}],"version-history":[{"count":4,"href":"https:\/\/capi-sa.com\/index.php\/wp-json\/wp\/v2\/pages\/224\/revisions"}],"predecessor-version":[{"id":229,"href":"https:\/\/capi-sa.com\/index.php\/wp-json\/wp\/v2\/pages\/224\/revisions\/229"}],"wp:attachment":[{"href":"https:\/\/capi-sa.com\/index.php\/wp-json\/wp\/v2\/media?parent=224"}],"curies":[{"name":"wp","href":"https:\/\/api.w.org\/{rel}","templated":true}]}}