{"id":20,"date":"2021-05-26T17:50:30","date_gmt":"2021-05-26T22:50:30","guid":{"rendered":"https:\/\/capi-sa.com\/?page_id=20"},"modified":"2026-03-08T20:08:28","modified_gmt":"2026-03-09T02:08:28","slug":"inicio","status":"publish","type":"page","link":"https:\/\/capi-sa.com\/","title":{"rendered":"CAPISA"},"content":{"rendered":"<div class=\"alignwide-wrap\" data-block=\"columns\">\n<div class=\"wp-block-columns alignwide is-layout-flex wp-container-core-columns-is-layout-9d6595d7 wp-block-columns-is-layout-flex\">\n<div class=\"wp-block-column is-layout-flow wp-block-column-is-layout-flow\" style=\"flex-basis:40%\">\n<h2 class=\"wp-block-heading\">La seguridad no es un gasto, es una inversi\u00f3n, cuidando a su personal y empresa<\/h2>\n<\/div>\n\n\n\n<div class=\"wp-block-column is-layout-flow wp-block-column-is-layout-flow\" style=\"flex-basis:10%\"><\/div>\n\n\n\n<div class=\"wp-block-column is-layout-flow wp-block-column-is-layout-flow\" style=\"flex-basis:50%\">\n<p class=\"has-text-align-left\">En <strong>CAPISA<\/strong>, uno de nuestros objetivos es satisfacer la necesidad de <strong>seguridad<\/strong> y sistemas de <strong>reducci\u00f3n de costos<\/strong> de nuestros clientes, con los m\u00e1s altos <strong>est\u00e1ndares<\/strong> en <strong>seguridad<\/strong>. <\/p>\n\n\n\n<p>A trav\u00e9s de <strong>capacitaciones<\/strong>, <strong>cursos<\/strong> y <strong>asesor\u00edas<\/strong> con un servicio de <strong>calidad<\/strong>.<\/p>\n<\/div>\n<\/div>\n<\/div>\n\n\n<div style=\"height:70px\" aria-hidden=\"true\" class=\"wp-block-spacer\"><\/div>\n\n\n\n<figure class=\"wp-block-gallery alignfull has-nested-images columns-default is-cropped wp-block-gallery-1 is-layout-flex wp-block-gallery-is-layout-flex\">\n<figure class=\"wp-block-image size-large\"><img loading=\"lazy\" decoding=\"async\" width=\"1024\" height=\"346\" data-id=\"68\" src=\"https:\/\/capi-sa.com\/wp-content\/uploads\/2021\/05\/cover-1-1024x346.jpg\" alt=\"\" class=\"wp-image-68\" srcset=\"https:\/\/capi-sa.com\/wp-content\/uploads\/2021\/05\/cover-1-1024x346.jpg 1024w, https:\/\/capi-sa.com\/wp-content\/uploads\/2021\/05\/cover-1-300x101.jpg 300w, https:\/\/capi-sa.com\/wp-content\/uploads\/2021\/05\/cover-1-768x259.jpg 768w, https:\/\/capi-sa.com\/wp-content\/uploads\/2021\/05\/cover-1-1536x518.jpg 1536w, https:\/\/capi-sa.com\/wp-content\/uploads\/2021\/05\/cover-1.jpg 1600w\" sizes=\"auto, (max-width: 1024px) 100vw, 1024px\" \/><\/figure>\n<\/figure>\n\n\n\n<div style=\"height:100px\" aria-hidden=\"true\" class=\"wp-block-spacer\"><\/div>\n\n\n\n<h2 class=\"wp-block-heading has-text-align-center has-no-margin-top\">Nuestros Servicios<\/h2>\n\n\n\n<p>Desde el a\u00f1o 2012 nuestro prop\u00f3sito es ampliar las expectativas y servicio a nuestros clientes en materia de asesoria y capacitacion industrial, para que las empresas alcancen el objetivo de cero accidentes.<\/p>\n\n\n\n<p><\/p>\n\n\n\n<h4 class=\"wp-block-heading has-text-align-center\">Conoce nuestra oferta en capacitaciones y asesor\u00edas:<\/h4>\n\n\n<div class=\"alignwide-wrap\" data-block=\"columns\">\n<div class=\"wp-block-columns alignwide is-layout-flex wp-container-core-columns-is-layout-9d6595d7 wp-block-columns-is-layout-flex\">\n<div class=\"wp-block-column is-layout-flow wp-block-column-is-layout-flow\">\n<div class=\"wp-block-buttons is-horizontal is-content-justification-center is-layout-flex wp-container-core-buttons-is-layout-499968f5 wp-block-buttons-is-layout-flex\">\n<div class=\"wp-block-button\"><a class=\"wp-block-button__link wp-element-button\" href=\"https:\/\/capi-sa.com\/index.php\/capacitaciones\/\">Capacitaciones<\/a><\/div>\n<\/div>\n<\/div>\n\n\n\n<div class=\"wp-block-column is-vertically-aligned-center is-layout-flow wp-block-column-is-layout-flow\">\n<div class=\"wp-block-buttons is-horizontal is-content-justification-center is-layout-flex wp-container-core-buttons-is-layout-499968f5 wp-block-buttons-is-layout-flex\">\n<div class=\"wp-block-button\"><a class=\"wp-block-button__link wp-element-button\" href=\"https:\/\/capi-sa.com\/index.php\/asesorias\/\">asesor\u00edas<\/a><\/div>\n<\/div>\n<\/div>\n<\/div>\n<\/div>\n\n\n<div style=\"height:40px\" aria-hidden=\"true\" class=\"wp-block-spacer\"><\/div>\n\n\n\n<div class=\"wp-block-buttons is-horizontal is-content-justification-center is-layout-flex wp-container-core-buttons-is-layout-499968f5 wp-block-buttons-is-layout-flex\">\n<div class=\"wp-block-button\"><a class=\"wp-block-button__link wp-element-button\" href=\"https:\/\/capi-sa.com\/index.php\/servicios\/\">Servicios<\/a><\/div>\n<\/div>\n\n\n\n<div style=\"height:50px\" aria-hidden=\"true\" class=\"wp-block-spacer\"><\/div>\n\n\n\n<div class=\"wp-block-cover alignfull has-parallax is-light\" style=\"min-height:785px;aspect-ratio:unset;\"><div class=\"wp-block-cover__image-background wp-image-82 has-parallax\" style=\"background-position:50% 50%;background-image:url(https:\/\/capi-sa.com\/wp-content\/uploads\/2021\/05\/img-12.jpg)\"><\/div><span aria-hidden=\"true\" class=\"wp-block-cover__background has-palette-3-background-color has-background-dim-70 has-background-dim\"><\/span><div class=\"wp-block-cover__inner-container is-layout-flow wp-block-cover-is-layout-flow\">\n<div class=\"wp-block-group\"><div class=\"wp-block-group__inner-container is-layout-flow wp-block-group-is-layout-flow\">\n<div style=\"height:50px\" aria-hidden=\"true\" class=\"wp-block-spacer\"><\/div>\n\n\n\n<h2 class=\"wp-block-heading has-text-align-center\">Galeria<\/h2>\n\n\n\n<div style=\"height:50px\" aria-hidden=\"true\" class=\"wp-block-spacer\"><\/div>\n\n\n\n<figure class=\"wp-block-gallery has-nested-images columns-default is-cropped wp-block-gallery-2 is-layout-flex wp-block-gallery-is-layout-flex\">\n<figure class=\"wp-block-image size-large\"><img loading=\"lazy\" decoding=\"async\" width=\"1024\" height=\"655\" data-id=\"95\" src=\"https:\/\/capi-sa.com\/wp-content\/uploads\/2021\/05\/img-1-1-1024x655.jpg\" alt=\"\" class=\"wp-image-95\" srcset=\"https:\/\/capi-sa.com\/wp-content\/uploads\/2021\/05\/img-1-1-1024x655.jpg 1024w, https:\/\/capi-sa.com\/wp-content\/uploads\/2021\/05\/img-1-1-300x192.jpg 300w, https:\/\/capi-sa.com\/wp-content\/uploads\/2021\/05\/img-1-1-768x492.jpg 768w, https:\/\/capi-sa.com\/wp-content\/uploads\/2021\/05\/img-1-1.jpg 1250w\" sizes=\"auto, (max-width: 1024px) 100vw, 1024px\" \/><\/figure>\n\n\n\n<figure class=\"wp-block-image size-large\"><img loading=\"lazy\" decoding=\"async\" width=\"1024\" height=\"655\" data-id=\"96\" src=\"https:\/\/capi-sa.com\/wp-content\/uploads\/2021\/05\/img-6-1-1024x655.jpg\" alt=\"\" class=\"wp-image-96\" srcset=\"https:\/\/capi-sa.com\/wp-content\/uploads\/2021\/05\/img-6-1-1024x655.jpg 1024w, https:\/\/capi-sa.com\/wp-content\/uploads\/2021\/05\/img-6-1-300x192.jpg 300w, https:\/\/capi-sa.com\/wp-content\/uploads\/2021\/05\/img-6-1-768x492.jpg 768w, https:\/\/capi-sa.com\/wp-content\/uploads\/2021\/05\/img-6-1.jpg 1250w\" sizes=\"auto, (max-width: 1024px) 100vw, 1024px\" \/><\/figure>\n\n\n\n<figure class=\"wp-block-image size-large\"><img loading=\"lazy\" decoding=\"async\" width=\"1024\" height=\"655\" data-id=\"97\" src=\"https:\/\/capi-sa.com\/wp-content\/uploads\/2021\/05\/img-7-1-1024x655.jpg\" alt=\"\" class=\"wp-image-97\" srcset=\"https:\/\/capi-sa.com\/wp-content\/uploads\/2021\/05\/img-7-1-1024x655.jpg 1024w, https:\/\/capi-sa.com\/wp-content\/uploads\/2021\/05\/img-7-1-300x192.jpg 300w, https:\/\/capi-sa.com\/wp-content\/uploads\/2021\/05\/img-7-1-768x492.jpg 768w, https:\/\/capi-sa.com\/wp-content\/uploads\/2021\/05\/img-7-1.jpg 1250w\" sizes=\"auto, (max-width: 1024px) 100vw, 1024px\" \/><\/figure>\n\n\n\n<figure class=\"wp-block-image size-large\"><img loading=\"lazy\" decoding=\"async\" width=\"1024\" height=\"655\" data-id=\"98\" src=\"https:\/\/capi-sa.com\/wp-content\/uploads\/2021\/05\/img-3-1-1024x655.jpg\" alt=\"\" class=\"wp-image-98\" srcset=\"https:\/\/capi-sa.com\/wp-content\/uploads\/2021\/05\/img-3-1-1024x655.jpg 1024w, https:\/\/capi-sa.com\/wp-content\/uploads\/2021\/05\/img-3-1-300x192.jpg 300w, https:\/\/capi-sa.com\/wp-content\/uploads\/2021\/05\/img-3-1-768x492.jpg 768w, https:\/\/capi-sa.com\/wp-content\/uploads\/2021\/05\/img-3-1.jpg 1250w\" sizes=\"auto, (max-width: 1024px) 100vw, 1024px\" \/><\/figure>\n\n\n\n<figure class=\"wp-block-image size-large\"><img loading=\"lazy\" decoding=\"async\" width=\"1024\" height=\"655\" data-id=\"99\" src=\"https:\/\/capi-sa.com\/wp-content\/uploads\/2021\/05\/img-9-1-1024x655.jpg\" alt=\"\" class=\"wp-image-99\" srcset=\"https:\/\/capi-sa.com\/wp-content\/uploads\/2021\/05\/img-9-1-1024x655.jpg 1024w, https:\/\/capi-sa.com\/wp-content\/uploads\/2021\/05\/img-9-1-300x192.jpg 300w, https:\/\/capi-sa.com\/wp-content\/uploads\/2021\/05\/img-9-1-768x492.jpg 768w, https:\/\/capi-sa.com\/wp-content\/uploads\/2021\/05\/img-9-1.jpg 1250w\" sizes=\"auto, (max-width: 1024px) 100vw, 1024px\" \/><\/figure>\n\n\n\n<figure class=\"wp-block-image size-large\"><img loading=\"lazy\" decoding=\"async\" width=\"1024\" height=\"655\" data-id=\"100\" src=\"https:\/\/capi-sa.com\/wp-content\/uploads\/2021\/05\/img-4-1-1024x655.jpg\" alt=\"\" class=\"wp-image-100\" srcset=\"https:\/\/capi-sa.com\/wp-content\/uploads\/2021\/05\/img-4-1-1024x655.jpg 1024w, https:\/\/capi-sa.com\/wp-content\/uploads\/2021\/05\/img-4-1-300x192.jpg 300w, https:\/\/capi-sa.com\/wp-content\/uploads\/2021\/05\/img-4-1-768x492.jpg 768w, https:\/\/capi-sa.com\/wp-content\/uploads\/2021\/05\/img-4-1.jpg 1250w\" sizes=\"auto, (max-width: 1024px) 100vw, 1024px\" \/><\/figure>\n\n\n\n<figure class=\"wp-block-image size-large\"><img loading=\"lazy\" decoding=\"async\" width=\"1024\" height=\"655\" data-id=\"101\" src=\"https:\/\/capi-sa.com\/wp-content\/uploads\/2021\/05\/img-11-1-1024x655.jpg\" alt=\"\" class=\"wp-image-101\" srcset=\"https:\/\/capi-sa.com\/wp-content\/uploads\/2021\/05\/img-11-1-1024x655.jpg 1024w, https:\/\/capi-sa.com\/wp-content\/uploads\/2021\/05\/img-11-1-300x192.jpg 300w, https:\/\/capi-sa.com\/wp-content\/uploads\/2021\/05\/img-11-1-768x492.jpg 768w, https:\/\/capi-sa.com\/wp-content\/uploads\/2021\/05\/img-11-1.jpg 1250w\" sizes=\"auto, (max-width: 1024px) 100vw, 1024px\" \/><\/figure>\n\n\n\n<figure class=\"wp-block-image size-large\"><img loading=\"lazy\" decoding=\"async\" width=\"1024\" height=\"655\" data-id=\"102\" src=\"https:\/\/capi-sa.com\/wp-content\/uploads\/2021\/05\/img-5-1-1024x655.jpg\" alt=\"\" class=\"wp-image-102\" srcset=\"https:\/\/capi-sa.com\/wp-content\/uploads\/2021\/05\/img-5-1-1024x655.jpg 1024w, https:\/\/capi-sa.com\/wp-content\/uploads\/2021\/05\/img-5-1-300x192.jpg 300w, https:\/\/capi-sa.com\/wp-content\/uploads\/2021\/05\/img-5-1-768x492.jpg 768w, https:\/\/capi-sa.com\/wp-content\/uploads\/2021\/05\/img-5-1.jpg 1250w\" sizes=\"auto, (max-width: 1024px) 100vw, 1024px\" \/><\/figure>\n<\/figure>\n\n\n\n<div style=\"height:50px\" aria-hidden=\"true\" class=\"wp-block-spacer\"><\/div>\n<\/div><\/div>\n<\/div><\/div>\n\n\n\n<h2 class=\"wp-block-heading has-text-align-center has-accent-color has-text-color\">Cont\u00e1ctanos<\/h2>\n\n\n\n<div class=\"wp-block-columns alignfull is-layout-flex wp-container-core-columns-is-layout-9d6595d7 wp-block-columns-is-layout-flex\">\n<div class=\"wp-block-column is-vertically-aligned-center is-layout-flow wp-block-column-is-layout-flow\"><\/div>\n\n\n\n<div class=\"wp-block-column is-vertically-aligned-center is-layout-flow wp-block-column-is-layout-flow\" style=\"flex-basis:50%\">\n<div class=\"wp-block-contact-form-7-contact-form-selector .wpcf7 { background-color: #f7f7f7; border: 2px solid #0f0; }\"><div role=\"form\" class=\"wpcf7\" id=\"wpcf7-f110-o1\" lang=\"es-ES\" dir=\"ltr\">\n<div class=\"screen-reader-response\"><p role=\"status\" aria-live=\"polite\" aria-atomic=\"true\"><\/p> <ul><\/ul><\/div>\n<form action=\"\/index.php\/wp-json\/wp\/v2\/pages\/20#wpcf7-f110-o1\" method=\"post\" class=\"wpcf7-form init\" novalidate=\"novalidate\" data-status=\"init\">\n<div style=\"display: none;\">\n<input type=\"hidden\" name=\"_wpcf7\" value=\"110\" \/>\n<input type=\"hidden\" name=\"_wpcf7_version\" value=\"5.4.1\" \/>\n<input type=\"hidden\" name=\"_wpcf7_locale\" value=\"es_ES\" \/>\n<input type=\"hidden\" name=\"_wpcf7_unit_tag\" value=\"wpcf7-f110-o1\" \/>\n<input type=\"hidden\" name=\"_wpcf7_container_post\" value=\"0\" \/>\n<input type=\"hidden\" name=\"_wpcf7_posted_data_hash\" value=\"\" \/>\n<\/div>\n<p><label> Nombre<br \/>\n    <span class=\"wpcf7-form-control-wrap your-name\"><input type=\"text\" name=\"your-name\" value=\"\" size=\"40\" class=\"wpcf7-form-control wpcf7-text wpcf7-validates-as-required\" aria-required=\"true\" aria-invalid=\"false\" \/><\/span> <\/label><\/p>\n<p><label> Correo electr\u00f3nico<br \/>\n    <span class=\"wpcf7-form-control-wrap your-email\"><input type=\"email\" name=\"your-email\" value=\"\" size=\"40\" class=\"wpcf7-form-control wpcf7-text wpcf7-email wpcf7-validates-as-required wpcf7-validates-as-email\" aria-required=\"true\" aria-invalid=\"false\" \/><\/span> <\/label><\/p>\n<p><label> Asunto<br \/>\n    <span class=\"wpcf7-form-control-wrap your-subject\"><input type=\"text\" name=\"your-subject\" value=\"\" size=\"40\" class=\"wpcf7-form-control wpcf7-text wpcf7-validates-as-required\" aria-required=\"true\" aria-invalid=\"false\" \/><\/span> <\/label><\/p>\n<p><label> Tu mensaje (opcional)<br \/>\n    <span class=\"wpcf7-form-control-wrap your-message\"><textarea name=\"your-message\" cols=\"40\" rows=\"10\" class=\"wpcf7-form-control wpcf7-textarea\" aria-invalid=\"false\"><\/textarea><\/span> <\/label><\/p>\n<p><input type=\"submit\" value=\"Enviar\" class=\"wpcf7-form-control wpcf7-submit\" \/><\/p>\n<div class=\"wpcf7-response-output\" aria-hidden=\"true\"><\/div><\/form><\/div><\/div>\n<\/div>\n\n\n\n<div class=\"wp-block-column is-layout-flow wp-block-column-is-layout-flow\">\n<h5 class=\"wp-block-heading\">Enviar WhatsApp<\/h5>\n\n\n\n<figure class=\"wp-block-image size-thumbnail is-resized\"><a href=\"https:\/\/api.whatsapp.com\/send\/?phone=523333509458&amp;text=%C2%A1Hola!%20Quiero%20m%C3%A1s%20informacion%20sobre%20CAPISA\"><img loading=\"lazy\" decoding=\"async\" width=\"150\" height=\"150\" src=\"https:\/\/capi-sa.com\/wp-content\/uploads\/2021\/05\/WhatsApp-150x150.png\" alt=\"\" class=\"wp-image-125\" style=\"width:75px;height:75px\" srcset=\"https:\/\/capi-sa.com\/wp-content\/uploads\/2021\/05\/WhatsApp-150x150.png 150w, https:\/\/capi-sa.com\/wp-content\/uploads\/2021\/05\/WhatsApp-300x300.png 300w, https:\/\/capi-sa.com\/wp-content\/uploads\/2021\/05\/WhatsApp-1021x1024.png 1021w, https:\/\/capi-sa.com\/wp-content\/uploads\/2021\/05\/WhatsApp-768x771.png 768w, https:\/\/capi-sa.com\/wp-content\/uploads\/2021\/05\/WhatsApp.png 1196w\" sizes=\"auto, (max-width: 150px) 100vw, 150px\" \/><\/a><\/figure>\n\n\n\n<div class=\"wp-block-buttons is-layout-flex wp-block-buttons-is-layout-flex\"><\/div>\n<\/div>\n\n\n\n<div class=\"wp-block-column is-vertically-aligned-top is-layout-flow wp-block-column-is-layout-flow\"><\/div>\n<\/div>\n\n\n\n<h2 class=\"wp-block-heading alignfull has-text-align-center has-palette-2-color has-accent-background-color has-text-color has-background\">Nuestros clientes<\/h2>\n\n\n\n<div class=\"wp-block-columns alignfull is-layout-flex wp-container-core-columns-is-layout-9d6595d7 wp-block-columns-is-layout-flex\">\n<div class=\"wp-block-column is-layout-flow wp-block-column-is-layout-flow\">\n<figure class=\"wp-block-image size-large\"><img loading=\"lazy\" decoding=\"async\" width=\"300\" height=\"200\" src=\"https:\/\/capi-sa.com\/wp-content\/uploads\/2021\/05\/alipu.jpg\" alt=\"\" class=\"wp-image-132\"\/><\/figure>\n<\/div>\n\n\n\n<div class=\"wp-block-column is-layout-flow wp-block-column-is-layout-flow\">\n<figure class=\"wp-block-image size-large\"><img loading=\"lazy\" decoding=\"async\" width=\"300\" height=\"200\" src=\"https:\/\/capi-sa.com\/wp-content\/uploads\/2021\/05\/reosa.jpg\" alt=\"\" class=\"wp-image-136\"\/><\/figure>\n<\/div>\n\n\n\n<div class=\"wp-block-column is-layout-flow wp-block-column-is-layout-flow\">\n<figure class=\"wp-block-image size-large\"><img loading=\"lazy\" decoding=\"async\" width=\"300\" height=\"200\" src=\"https:\/\/capi-sa.com\/wp-content\/uploads\/2021\/05\/centro-cultural-udg.jpg\" alt=\"\" class=\"wp-image-133\"\/><\/figure>\n<\/div>\n\n\n\n<div class=\"wp-block-column is-layout-flow wp-block-column-is-layout-flow\">\n<figure class=\"wp-block-image size-large\"><img loading=\"lazy\" decoding=\"async\" width=\"300\" height=\"200\" src=\"https:\/\/capi-sa.com\/wp-content\/uploads\/2021\/05\/napresa.jpg\" alt=\"\" class=\"wp-image-134\"\/><\/figure>\n<\/div>\n\n\n\n<div class=\"wp-block-column is-layout-flow wp-block-column-is-layout-flow\">\n<figure class=\"wp-block-image size-large\"><img loading=\"lazy\" decoding=\"async\" width=\"300\" height=\"200\" src=\"https:\/\/capi-sa.com\/wp-content\/uploads\/2021\/05\/purina.jpg\" alt=\"\" class=\"wp-image-135\"\/><\/figure>\n<\/div>\n<\/div>\n","protected":false},"excerpt":{"rendered":"<div class=\"entry-summary\">\n<div class=\"entry-summary\">\n<p>\n\tCapacitaci\u00f3n y asesor\u00eda en materia de seguridad industrial y protecci\u00f3n civil\n<\/p>\n<\/div>\n<div class=\"link-more-container\"><a href=\"https:\/\/capi-sa.com\/\" class=\"link-more\" aria-label=\"Continue reading CAPISA\">Continue reading&hellip;<\/a><\/div>\n<\/div>\n<div class=\"link-more-container\"><a href=\"https:\/\/capi-sa.com\/\" class=\"link-more\" aria-label=\"Continue reading CAPISA\">Continue reading&hellip;<\/a><\/div>\n","protected":false},"author":1,"featured_media":0,"parent":0,"menu_order":0,"comment_status":"closed","ping_status":"closed","template":"","meta":{"footnotes":""},"class_list":["post-20","page","type-page","status-publish","hentry","entry","entry-type-page"],"aioseo_notices":[],"_links":{"self":[{"href":"https:\/\/capi-sa.com\/index.php\/wp-json\/wp\/v2\/pages\/20","targetHints":{"allow":["GET"]}}],"collection":[{"href":"https:\/\/capi-sa.com\/index.php\/wp-json\/wp\/v2\/pages"}],"about":[{"href":"https:\/\/capi-sa.com\/index.php\/wp-json\/wp\/v2\/types\/page"}],"author":[{"embeddable":true,"href":"https:\/\/capi-sa.com\/index.php\/wp-json\/wp\/v2\/users\/1"}],"replies":[{"embeddable":true,"href":"https:\/\/capi-sa.com\/index.php\/wp-json\/wp\/v2\/comments?post=20"}],"version-history":[{"count":39,"href":"https:\/\/capi-sa.com\/index.php\/wp-json\/wp\/v2\/pages\/20\/revisions"}],"predecessor-version":[{"id":242,"href":"https:\/\/capi-sa.com\/index.php\/wp-json\/wp\/v2\/pages\/20\/revisions\/242"}],"wp:attachment":[{"href":"https:\/\/capi-sa.com\/index.php\/wp-json\/wp\/v2\/media?parent=20"}],"curies":[{"name":"wp","href":"https:\/\/api.w.org\/{rel}","templated":true}]}}