{"id":199,"date":"2021-05-30T16:45:49","date_gmt":"2021-05-30T21:45:49","guid":{"rendered":"https:\/\/capi-sa.com\/?page_id=199"},"modified":"2021-05-30T17:07:03","modified_gmt":"2021-05-30T22:07:03","slug":"asesorias","status":"publish","type":"page","link":"https:\/\/capi-sa.com\/index.php\/asesorias\/","title":{"rendered":"Asesor\u00edas"},"content":{"rendered":"\n<h1>\n\t\tAsesor\u00edas para su empresa y proyectos\n\t<\/h1>\n\t<p>Conciencia es seguridad, cuidando tu integridad ante la adversidad<\/p>\n\t\t\t<a href=\"https:\/\/capi-sa.com\/index.php\/contacto\/\" target=\"_self\" role=\"button\" rel=\"noopener\">\n\t\t\t\t\t\t\tCont\u00e1ctenos\n\t\t\t<\/a>\n<h2>\n\t\tConozca nuestra oferta de asesor\u00edas\n\t<\/h2>\n\n","protected":false},"excerpt":{"rendered":"<div class=\"entry-summary\">\n<div class=\"entry-summary\">\nAsesor\u00edas para su empresa y proyectos Conciencia es seguridad, cuidando tu integridad ante la adversidad Cont\u00e1ctenos Conozca nuestra oferta de asesor\u00edas\n<\/div>\n<div class=\"link-more-container\"><a href=\"https:\/\/capi-sa.com\/index.php\/asesorias\/\" class=\"link-more\" aria-label=\"Continue reading Asesor\u00edas\">Continue reading&hellip;<\/a><\/div>\n<\/div>\n<div class=\"link-more-container\"><a href=\"https:\/\/capi-sa.com\/index.php\/asesorias\/\" class=\"link-more\" aria-label=\"Continue reading Asesor\u00edas\">Continue reading&hellip;<\/a><\/div>\n","protected":false},"author":1,"featured_media":0,"parent":0,"menu_order":0,"comment_status":"closed","ping_status":"closed","template":"","meta":{"footnotes":""},"class_list":["post-199","page","type-page","status-publish","hentry","entry","entry-type-page"],"aioseo_notices":[],"_links":{"self":[{"href":"https:\/\/capi-sa.com\/index.php\/wp-json\/wp\/v2\/pages\/199","targetHints":{"allow":["GET"]}}],"collection":[{"href":"https:\/\/capi-sa.com\/index.php\/wp-json\/wp\/v2\/pages"}],"about":[{"href":"https:\/\/capi-sa.com\/index.php\/wp-json\/wp\/v2\/types\/page"}],"author":[{"embeddable":true,"href":"https:\/\/capi-sa.com\/index.php\/wp-json\/wp\/v2\/users\/1"}],"replies":[{"embeddable":true,"href":"https:\/\/capi-sa.com\/index.php\/wp-json\/wp\/v2\/comments?post=199"}],"version-history":[{"count":3,"href":"https:\/\/capi-sa.com\/index.php\/wp-json\/wp\/v2\/pages\/199\/revisions"}],"predecessor-version":[{"id":209,"href":"https:\/\/capi-sa.com\/index.php\/wp-json\/wp\/v2\/pages\/199\/revisions\/209"}],"wp:attachment":[{"href":"https:\/\/capi-sa.com\/index.php\/wp-json\/wp\/v2\/media?parent=199"}],"curies":[{"name":"wp","href":"https:\/\/api.w.org\/{rel}","templated":true}]}}