{"id":178,"date":"2021-05-30T16:12:56","date_gmt":"2021-05-30T21:12:56","guid":{"rendered":"https:\/\/capi-sa.com\/?page_id=178"},"modified":"2023-12-01T15:26:16","modified_gmt":"2023-12-01T21:26:16","slug":"capacitaciones","status":"publish","type":"page","link":"https:\/\/capi-sa.com\/index.php\/capacitaciones\/","title":{"rendered":"Capacitaciones"},"content":{"rendered":"\n\n<figure>\n<table>\n<thead>\n<tr>\n<th>CURSO<\/th>\n<\/tr>\n<\/thead>\n<tbody>\n<tr>\n<td>Uso de herramientas manuales y de poder<\/td>\n<\/tr>\n<tr>\n<td>Operaci\u00f3n segura de gruas viajeras<\/td>\n<\/tr>\n<tr>\n<td>Formaci\u00f3n de Instructores<\/td>\n<\/tr>\n<tr>\n<td>Primeros auxilios b\u00e1sicos<\/td>\n<\/tr>\n<tr>\n<td>Control y combate de incendios<\/td>\n<\/tr>\n<tr>\n<td>Primera respuesta a incidentes con materiales peligrosos<\/td>\n<\/tr>\n<tr>\n<td>Sistemas de evacuaci\u00f3n<\/td>\n<\/tr>\n<tr>\n<td>B\u00fasqueda y rescate<\/td>\n<\/tr>\n<tr>\n<td>Investigaci\u00f3n de accidentes<\/td>\n<\/tr>\n<tr>\n<td>Medidas de seguridad para realizar trabajos en altura<\/td>\n<\/tr>\n<tr>\n<td>Manejo, transporte y almacenamiento de sustancias peligrosas<\/td>\n<\/tr>\n<tr>\n<td>Medidas de seguridad para realizar actividades de soldadura y corte<\/td>\n<\/tr>\n<tr>\n<td>Segregaci\u00f3n de residuos peligrosos y no peligrosos<\/td>\n<\/tr>\n<tr>\n<td>Procedimientos de seguridad en trabajos electricos<\/td>\n<\/tr>\n<tr>\n<td>Control de energ\u00eda peligrosa, bloqueo y etiquetado<\/td>\n<\/tr>\n<tr>\n<td>Uso y manejo de extintores<\/td>\n<\/tr>\n<tr>\n<td>Procedimiento de carga manual<\/td>\n<\/tr>\n<tr>\n<td>Medidas de seguridad para el acceso a espacios confinados<\/td>\n<\/tr>\n<tr>\n<td>Procedimiento de seguridad para el armado de andamios<\/td>\n<\/tr>\n<tr>\n<td>Operaci\u00f3n de maquinaria, equipos de elevaci\u00f3n y gira<\/td>\n<\/tr>\n<tr>\n<td>Izaje y manejo de cargas<\/td>\n<\/tr>\n<tr>\n<td>Manejo de montacargas<\/td>\n<\/tr>\n<tr>\n<td>Operaci\u00f3n de herramientas de poder<\/td>\n<\/tr>\n<tr>\n<td>Respuesta a emergencias<\/td>\n<\/tr>\n<tr>\n<td>Identificaci\u00f3n de peligros<\/td>\n<\/tr>\n<tr>\n<td>Comisi\u00f3n de seguridad e higiene<\/td>\n<\/tr>\n<tr>\n<td>Selecci\u00f3n, manejo, almacenamiento y uso del equipo de protecci\u00f3n personal (EPP)<\/td>\n<\/tr>\n<tr>\n<td>Norma 020 STPS servicios preventivos de seguridad y salud en el trabajo<\/td>\n<\/tr>\n<tr>\n<td>Programas y diagn\u00f3sticos de seguridad y salud<\/td>\n<\/tr>\n<tr>\n<td>Ergonom\u00eda basica<\/td>\n<\/tr>\n<tr>\n<td>Brigadas de emergencias quimicas<\/td>\n<\/tr>\n<tr>\n<td>NOM-031-STPS-2011: Construcci\u00f3n de seguridad y salud en el trabajo, medidas de seguridad<\/td>\n<\/tr>\n<tr>\n<td>NOM-027-STPS-2008: Actividades de soldadura y corte &#8211; condiciones de seguridad e higiene<\/td>\n<\/tr>\n<tr>\n<td>NOM-026-STPS: Colores y se\u00f1ales de seguridad e higiene, identificaci\u00f3n de riesgos por fluidos conducidos por tuber\u00edas<\/td>\n<\/tr>\n<tr>\n<td>Evaluaci\u00f3n del riesgo en el centro de trabajo<\/td>\n<\/tr>\n<\/tbody>\n<\/table>\n<\/figure>\n<figure>\n<table>\n<thead>\n<tr>\n<th>CURSO<\/th>\n<\/tr>\n<\/thead>\n<tbody>\n<tr>\n<td>Operaci\u00f3n segura de dobladora<\/td>\n<\/tr>\n<tr>\n<td>Operaci\u00f3n segura de plataformas de elevaci\u00f3n<\/td>\n<\/tr>\n<tr>\n<td>Programas de protecci\u00f3n civil<\/td>\n<\/tr>\n<tr>\n<td>Brigadas de emergencias<\/td>\n<\/tr>\n<tr>\n<td>Supervisor de seguridad en obra<\/td>\n<\/tr>\n<tr>\n<td>Seguridad en el manejo de gr\u00faa torre<\/td>\n<\/tr>\n<tr>\n<td>Verificacion e inspeccion de maquinaria y gruas<\/td>\n<\/tr>\n<tr>\n<td>Maniobrista (Izaje)<\/td>\n<\/tr>\n<tr>\n<td>Manejo seguro de motoconformadora<\/td>\n<\/tr>\n<tr>\n<td>Operaci\u00f3n segura de cortadora de varilla<\/td>\n<\/tr>\n<tr>\n<td>Operaci\u00f3n segura de dobladora de varilla<\/td>\n<\/tr>\n<tr>\n<td>Medidas de seguridad en excavaciones<\/td>\n<\/tr>\n<tr>\n<td>Manejo seguro de minicargador<\/td>\n<\/tr>\n<tr>\n<td>Manejo seguro de retroexcavadora<\/td>\n<\/tr>\n<tr>\n<td>Inspeccion y verificacion de plataformas de elevacion<\/td>\n<\/tr>\n<tr>\n<td>NOM-035-STPS-2018: Factores de riesgo psicosocial en el trabajo: identificacion, analisis y prevencion<\/td>\n<\/tr>\n<tr>\n<td>Maniobras seguras para cimbras deslizantes<\/td>\n<\/tr>\n<tr>\n<td>Medidas de seguridad para trabajos y excavaciones<\/td>\n<\/tr>\n<tr>\n<td>Manejo a la defensiva<\/td>\n<\/tr>\n<tr>\n<td>NOM-036-1-STPS Factores de riesgo ergonomicos<\/td>\n<\/tr>\n<tr>\n<td>018-SGA Sustancias qu\u00edmicas peligrosas<\/td>\n<\/tr>\n<tr>\n<td>NOM-020-STPS Recipientes sujetos a presi\u00f3n<\/td>\n<\/tr>\n<tr>\n<td>Medidas de seguridad en el uso de herramientas manuales<\/td>\n<\/tr>\n<tr>\n<td>Supervisi\u00f3n en maniobras seguras NOM-006-STPS<\/td>\n<\/tr>\n<tr>\n<td>Medidas de seguridad para la operaci\u00f3n de plataformas de elevaci\u00f3n<\/td>\n<\/tr>\n<tr>\n<td>Operaci\u00f3n segura de excavadora<\/td>\n<\/tr>\n<tr>\n<td>Operaci\u00f3n segura de piloteadora<\/td>\n<\/tr>\n<tr>\n<td>Operaci\u00f3n segura de zanjadora<\/td>\n<\/tr>\n<tr>\n<td>T\u00e9cnicas de bandereo para vehiculos y maquinaria pesada<\/td>\n<\/tr>\n<tr>\n<td>Operaci\u00f3n segura de cargador frontal<\/td>\n<\/tr>\n<tr>\n<td>Operaci\u00f3n segura de perforadora<\/td>\n<\/tr>\n<tr>\n<td>Buenas pr\u00e1cticas de manufactura<\/td>\n<\/tr>\n<tr>\n<td>Seguridad en demolicion<\/td>\n<\/tr>\n<tr>\n<td>Medidas de seguridad en instalaci\u00f3n de sistema de tierra f\u00edsica<\/td>\n<\/tr>\n<tr>\n<td>Seguridad en los trabajos de zanjas<\/td>\n<\/tr>\n<tr>\n<td>Trabajos de corte y soldadura<\/td>\n<\/tr>\n<\/tbody>\n<\/table>\n<\/figure>\n\n","protected":false},"excerpt":{"rendered":"<div class=\"entry-summary\">\n<div class=\"entry-summary\">\nEn CAPISA contamos con una amplia oferta de capacitaciones en materia de seguridad para cualquier proyecto, su empresa y fuerza de trabajo.\n<\/div>\n<div class=\"link-more-container\"><a href=\"https:\/\/capi-sa.com\/index.php\/capacitaciones\/\" class=\"link-more\" aria-label=\"Continue reading Capacitaciones\">Continue reading&hellip;<\/a><\/div>\n<\/div>\n<div class=\"link-more-container\"><a href=\"https:\/\/capi-sa.com\/index.php\/capacitaciones\/\" class=\"link-more\" aria-label=\"Continue reading Capacitaciones\">Continue reading&hellip;<\/a><\/div>\n","protected":false},"author":1,"featured_media":0,"parent":0,"menu_order":0,"comment_status":"closed","ping_status":"closed","template":"","meta":{"footnotes":""},"class_list":["post-178","page","type-page","status-publish","hentry","entry","entry-type-page"],"aioseo_notices":[],"_links":{"self":[{"href":"https:\/\/capi-sa.com\/index.php\/wp-json\/wp\/v2\/pages\/178","targetHints":{"allow":["GET"]}}],"collection":[{"href":"https:\/\/capi-sa.com\/index.php\/wp-json\/wp\/v2\/pages"}],"about":[{"href":"https:\/\/capi-sa.com\/index.php\/wp-json\/wp\/v2\/types\/page"}],"author":[{"embeddable":true,"href":"https:\/\/capi-sa.com\/index.php\/wp-json\/wp\/v2\/users\/1"}],"replies":[{"embeddable":true,"href":"https:\/\/capi-sa.com\/index.php\/wp-json\/wp\/v2\/comments?post=178"}],"version-history":[{"count":15,"href":"https:\/\/capi-sa.com\/index.php\/wp-json\/wp\/v2\/pages\/178\/revisions"}],"predecessor-version":[{"id":221,"href":"https:\/\/capi-sa.com\/index.php\/wp-json\/wp\/v2\/pages\/178\/revisions\/221"}],"wp:attachment":[{"href":"https:\/\/capi-sa.com\/index.php\/wp-json\/wp\/v2\/media?parent=178"}],"curies":[{"name":"wp","href":"https:\/\/api.w.org\/{rel}","templated":true}]}}